{"id":161,"date":"2019-06-01T16:59:20","date_gmt":"2019-06-01T15:59:20","guid":{"rendered":"https:\/\/www.thermoscreens.com\/de\/?post_type=product&#038;p=161"},"modified":"2024-12-02T13:22:38","modified_gmt":"2024-12-02T13:22:38","slug":"c-serie-designer-freihangend","status":"publish","type":"product","link":"https:\/\/thermoscreens.com\/de\/c-serie-designer-freihangend\/","title":{"rendered":"C Serie Designer"},"content":{"rendered":"","protected":false},"excerpt":{"rendered":"","protected":false},"featured_media":199,"comment_status":"closed","ping_status":"closed","template":"","format":"standard","meta":{"_acf_changed":false},"product_brand":[],"product_cat":[35],"product_tag":[],"product_category":[16,3],"class_list":{"0":"post-161","1":"product","2":"type-product","3":"status-publish","4":"format-standard","5":"has-post-thumbnail","7":"product_cat-unkategorisiert","8":"product_category-designer","9":"product_category-freihangende-produkte","11":"first","12":"instock","13":"shipping-taxable","14":"product-type-simple"},"acf":[],"yoast_head":"<!-- This site is optimized with the Yoast SEO Premium plugin v27.4 (Yoast SEO v27.4) - https:\/\/yoast.com\/product\/yoast-seo-premium-wordpress\/ -->\n<title>C-Serie Designer | Freih\u00e4ngende L\u00f6sungen<\/title>\n<meta name=\"description\" content=\"Sehen Sie sich unseren freih\u00c3\u00a4ngenden C Serie Designer Luftschleier an. Bei Thermoscreens bieten wir energieeffiziente freih\u00c3\u00a4ngende Luftschleier.\" \/>\n<meta name=\"robots\" content=\"index, follow, max-snippet:-1, max-image-preview:large, max-video-preview:-1\" \/>\n<link rel=\"canonical\" href=\"https:\/\/thermoscreens.com\/de\/c-serie-designer-freihangend\/\" \/>\n<meta property=\"og:locale\" content=\"de_DE\" \/>\n<meta property=\"og:type\" content=\"article\" \/>\n<meta property=\"og:title\" content=\"C Serie Designer\" \/>\n<meta property=\"og:description\" content=\"Sehen Sie sich unseren freih\u00c3\u00a4ngenden C Serie Designer Luftschleier an. Bei Thermoscreens bieten wir energieeffiziente freih\u00c3\u00a4ngende Luftschleier.\" \/>\n<meta property=\"og:url\" content=\"https:\/\/thermoscreens.com\/de\/c-serie-designer-freihangend\/\" \/>\n<meta property=\"og:site_name\" content=\"Thermoscreens DE\" \/>\n<meta property=\"article:modified_time\" content=\"2024-12-02T13:22:38+00:00\" \/>\n<meta property=\"og:image\" content=\"https:\/\/thermoscreens.com\/de\/wp-content\/uploads\/sites\/2\/2019\/06\/C-Series-Designer_MAIN.png\" \/>\n\t<meta property=\"og:image:width\" content=\"1200\" \/>\n\t<meta property=\"og:image:height\" content=\"600\" \/>\n\t<meta property=\"og:image:type\" content=\"image\/png\" \/>\n<meta name=\"twitter:card\" content=\"summary_large_image\" \/>\n<meta name=\"twitter:label1\" content=\"Gesch\u00e4tzte Lesezeit\" \/>\n\t<meta name=\"twitter:data1\" content=\"1\u00a0Minute\" \/>\n<script type=\"application\/ld+json\" class=\"yoast-schema-graph\">{\"@context\":\"https:\\\/\\\/schema.org\",\"@graph\":[{\"@type\":\"WebPage\",\"@id\":\"https:\\\/\\\/thermoscreens.com\\\/de\\\/c-serie-designer-freihangend\\\/\",\"url\":\"https:\\\/\\\/thermoscreens.com\\\/de\\\/c-serie-designer-freihangend\\\/\",\"name\":\"C-Serie Designer | Freih\u00e4ngende L\u00f6sungen\",\"isPartOf\":{\"@id\":\"https:\\\/\\\/thermoscreens.com\\\/de\\\/#website\"},\"primaryImageOfPage\":{\"@id\":\"https:\\\/\\\/thermoscreens.com\\\/de\\\/c-serie-designer-freihangend\\\/#primaryimage\"},\"image\":{\"@id\":\"https:\\\/\\\/thermoscreens.com\\\/de\\\/c-serie-designer-freihangend\\\/#primaryimage\"},\"thumbnailUrl\":\"https:\\\/\\\/thermoscreens.com\\\/de\\\/wp-content\\\/uploads\\\/sites\\\/2\\\/2019\\\/06\\\/C-Series-Designer_MAIN.png\",\"datePublished\":\"2019-06-01T15:59:20+00:00\",\"dateModified\":\"2024-12-02T13:22:38+00:00\",\"description\":\"Sehen Sie sich unseren freih\u00c3\u00a4ngenden C Serie Designer Luftschleier an. Bei Thermoscreens bieten wir energieeffiziente freih\u00c3\u00a4ngende Luftschleier.\",\"breadcrumb\":{\"@id\":\"https:\\\/\\\/thermoscreens.com\\\/de\\\/c-serie-designer-freihangend\\\/#breadcrumb\"},\"inLanguage\":\"de\",\"potentialAction\":[{\"@type\":\"ReadAction\",\"target\":[\"https:\\\/\\\/thermoscreens.com\\\/de\\\/c-serie-designer-freihangend\\\/\"]}]},{\"@type\":\"ImageObject\",\"inLanguage\":\"de\",\"@id\":\"https:\\\/\\\/thermoscreens.com\\\/de\\\/c-serie-designer-freihangend\\\/#primaryimage\",\"url\":\"https:\\\/\\\/thermoscreens.com\\\/de\\\/wp-content\\\/uploads\\\/sites\\\/2\\\/2019\\\/06\\\/C-Series-Designer_MAIN.png\",\"contentUrl\":\"https:\\\/\\\/thermoscreens.com\\\/de\\\/wp-content\\\/uploads\\\/sites\\\/2\\\/2019\\\/06\\\/C-Series-Designer_MAIN.png\",\"width\":1200,\"height\":600},{\"@type\":\"BreadcrumbList\",\"@id\":\"https:\\\/\\\/thermoscreens.com\\\/de\\\/c-serie-designer-freihangend\\\/#breadcrumb\",\"itemListElement\":[{\"@type\":\"ListItem\",\"position\":1,\"name\":\"Home\",\"item\":\"https:\\\/\\\/thermoscreens.com\\\/de\\\/\"},{\"@type\":\"ListItem\",\"position\":2,\"name\":\"C Serie Designer\"}]},{\"@type\":\"WebSite\",\"@id\":\"https:\\\/\\\/thermoscreens.com\\\/de\\\/#website\",\"url\":\"https:\\\/\\\/thermoscreens.com\\\/de\\\/\",\"name\":\"Thermoscreens DE\",\"description\":\"\",\"potentialAction\":[{\"@type\":\"SearchAction\",\"target\":{\"@type\":\"EntryPoint\",\"urlTemplate\":\"https:\\\/\\\/thermoscreens.com\\\/de\\\/?s={search_term_string}\"},\"query-input\":{\"@type\":\"PropertyValueSpecification\",\"valueRequired\":true,\"valueName\":\"search_term_string\"}}],\"inLanguage\":\"de\"}]}<\/script>\n<!-- \/ Yoast SEO Premium plugin. -->","yoast_head_json":{"title":"C-Serie Designer | Freih\u00e4ngende L\u00f6sungen","description":"Sehen Sie sich unseren freih\u00c3\u00a4ngenden C Serie Designer Luftschleier an. Bei Thermoscreens bieten wir energieeffiziente freih\u00c3\u00a4ngende Luftschleier.","robots":{"index":"index","follow":"follow","max-snippet":"max-snippet:-1","max-image-preview":"max-image-preview:large","max-video-preview":"max-video-preview:-1"},"canonical":"https:\/\/thermoscreens.com\/de\/c-serie-designer-freihangend\/","og_locale":"de_DE","og_type":"article","og_title":"C Serie Designer","og_description":"Sehen Sie sich unseren freih\u00c3\u00a4ngenden C Serie Designer Luftschleier an. Bei Thermoscreens bieten wir energieeffiziente freih\u00c3\u00a4ngende Luftschleier.","og_url":"https:\/\/thermoscreens.com\/de\/c-serie-designer-freihangend\/","og_site_name":"Thermoscreens DE","article_modified_time":"2024-12-02T13:22:38+00:00","og_image":[{"width":1200,"height":600,"url":"https:\/\/thermoscreens.com\/de\/wp-content\/uploads\/sites\/2\/2019\/06\/C-Series-Designer_MAIN.png","type":"image\/png"}],"twitter_card":"summary_large_image","twitter_misc":{"Gesch\u00e4tzte Lesezeit":"1\u00a0Minute"},"schema":{"@context":"https:\/\/schema.org","@graph":[{"@type":"WebPage","@id":"https:\/\/thermoscreens.com\/de\/c-serie-designer-freihangend\/","url":"https:\/\/thermoscreens.com\/de\/c-serie-designer-freihangend\/","name":"C-Serie Designer | Freih\u00e4ngende L\u00f6sungen","isPartOf":{"@id":"https:\/\/thermoscreens.com\/de\/#website"},"primaryImageOfPage":{"@id":"https:\/\/thermoscreens.com\/de\/c-serie-designer-freihangend\/#primaryimage"},"image":{"@id":"https:\/\/thermoscreens.com\/de\/c-serie-designer-freihangend\/#primaryimage"},"thumbnailUrl":"https:\/\/thermoscreens.com\/de\/wp-content\/uploads\/sites\/2\/2019\/06\/C-Series-Designer_MAIN.png","datePublished":"2019-06-01T15:59:20+00:00","dateModified":"2024-12-02T13:22:38+00:00","description":"Sehen Sie sich unseren freih\u00c3\u00a4ngenden C Serie Designer Luftschleier an. Bei Thermoscreens bieten wir energieeffiziente freih\u00c3\u00a4ngende Luftschleier.","breadcrumb":{"@id":"https:\/\/thermoscreens.com\/de\/c-serie-designer-freihangend\/#breadcrumb"},"inLanguage":"de","potentialAction":[{"@type":"ReadAction","target":["https:\/\/thermoscreens.com\/de\/c-serie-designer-freihangend\/"]}]},{"@type":"ImageObject","inLanguage":"de","@id":"https:\/\/thermoscreens.com\/de\/c-serie-designer-freihangend\/#primaryimage","url":"https:\/\/thermoscreens.com\/de\/wp-content\/uploads\/sites\/2\/2019\/06\/C-Series-Designer_MAIN.png","contentUrl":"https:\/\/thermoscreens.com\/de\/wp-content\/uploads\/sites\/2\/2019\/06\/C-Series-Designer_MAIN.png","width":1200,"height":600},{"@type":"BreadcrumbList","@id":"https:\/\/thermoscreens.com\/de\/c-serie-designer-freihangend\/#breadcrumb","itemListElement":[{"@type":"ListItem","position":1,"name":"Home","item":"https:\/\/thermoscreens.com\/de\/"},{"@type":"ListItem","position":2,"name":"C Serie Designer"}]},{"@type":"WebSite","@id":"https:\/\/thermoscreens.com\/de\/#website","url":"https:\/\/thermoscreens.com\/de\/","name":"Thermoscreens DE","description":"","potentialAction":[{"@type":"SearchAction","target":{"@type":"EntryPoint","urlTemplate":"https:\/\/thermoscreens.com\/de\/?s={search_term_string}"},"query-input":{"@type":"PropertyValueSpecification","valueRequired":true,"valueName":"search_term_string"}}],"inLanguage":"de"}]}},"_links":{"self":[{"href":"https:\/\/thermoscreens.com\/de\/wp-json\/wp\/v2\/product\/161","targetHints":{"allow":["GET"]}}],"collection":[{"href":"https:\/\/thermoscreens.com\/de\/wp-json\/wp\/v2\/product"}],"about":[{"href":"https:\/\/thermoscreens.com\/de\/wp-json\/wp\/v2\/types\/product"}],"replies":[{"embeddable":true,"href":"https:\/\/thermoscreens.com\/de\/wp-json\/wp\/v2\/comments?post=161"}],"wp:featuredmedia":[{"embeddable":true,"href":"https:\/\/thermoscreens.com\/de\/wp-json\/wp\/v2\/media\/199"}],"wp:attachment":[{"href":"https:\/\/thermoscreens.com\/de\/wp-json\/wp\/v2\/media?parent=161"}],"wp:term":[{"taxonomy":"product_brand","embeddable":true,"href":"https:\/\/thermoscreens.com\/de\/wp-json\/wp\/v2\/product_brand?post=161"},{"taxonomy":"product_cat","embeddable":true,"href":"https:\/\/thermoscreens.com\/de\/wp-json\/wp\/v2\/product_cat?post=161"},{"taxonomy":"product_tag","embeddable":true,"href":"https:\/\/thermoscreens.com\/de\/wp-json\/wp\/v2\/product_tag?post=161"},{"taxonomy":"product_category","embeddable":true,"href":"https:\/\/thermoscreens.com\/de\/wp-json\/wp\/v2\/product_category?post=161"}],"curies":[{"name":"wp","href":"https:\/\/api.w.org\/{rel}","templated":true}]}}