{"id":17,"date":"2019-06-03T08:02:03","date_gmt":"2019-06-03T07:02:03","guid":{"rendered":"http:\/\/localhost\/FASTFWD\/ThermoScreens\/?page_id=17"},"modified":"2024-12-02T12:56:11","modified_gmt":"2024-12-02T12:56:11","slug":"kontakt","status":"publish","type":"page","link":"https:\/\/thermoscreens.com\/de\/kontakt\/","title":{"rendered":"Kontakt"},"content":{"rendered":"<p>Wenn Sie Beratung bei der Produktauswahl ben\u00f6tigen, stehen Ihnen unsere Produktspezialisten gerne zur Verf\u00fcgung. F\u00fcr die Beratung rund um die Installation sind unsere technischen Experten die richtigen Ansprechpartner. Wenn Sie ein Angebot einholen oder einen Auftrag verfolgen m\u00f6chten, wenden Sie sich bitte an unser Vertriebsteam. Sprechen Sie uns einfach an. Wir sind jederzeit f\u00fcr Sie da.<\/p>\n","protected":false},"excerpt":{"rendered":"<p>Wenn Sie Beratung bei der Produktauswahl ben\u00f6tigen, stehen Ihnen unsere Produktspezialisten gerne zur Verf\u00fcgung. F\u00fcr die Beratung rund um die Installation sind unsere technischen Experten [&hellip;]<\/p>\n","protected":false},"author":11,"featured_media":0,"parent":0,"menu_order":0,"comment_status":"closed","ping_status":"closed","template":"contact-us.php","meta":{"_acf_changed":false,"footnotes":""},"class_list":["post-17","page","type-page","status-publish","hentry"],"acf":[],"yoast_head":"<!-- This site is optimized with the Yoast SEO Premium plugin v27.1 (Yoast SEO v27.1.1) - https:\/\/yoast.com\/product\/yoast-seo-premium-wordpress\/ -->\n<title>Kontakt | Ihr Weg zu uns f\u00fcr Fragen und Support<\/title>\n<meta name=\"description\" content=\"Wenn Sie mehr \u00c3\u00bcber Thermoscreens, unser Sortiment an Luftschleiern und dar\u00c3\u00bcber erfahren m\u00c3\u00b6chten, wie wir Ihnen helfen k\u00c3\u00b6nnen, wenden Sie sich an unser Team.\" \/>\n<meta name=\"robots\" content=\"index, follow, max-snippet:-1, max-image-preview:large, max-video-preview:-1\" \/>\n<link rel=\"canonical\" href=\"https:\/\/thermoscreens.com\/de\/kontakt\/\" \/>\n<meta property=\"og:locale\" content=\"de_DE\" \/>\n<meta property=\"og:type\" content=\"article\" \/>\n<meta property=\"og:title\" content=\"Kontakt\" \/>\n<meta property=\"og:description\" content=\"Wenn Sie mehr \u00c3\u00bcber Thermoscreens, unser Sortiment an Luftschleiern und dar\u00c3\u00bcber erfahren m\u00c3\u00b6chten, wie wir Ihnen helfen k\u00c3\u00b6nnen, wenden Sie sich an unser Team.\" \/>\n<meta property=\"og:url\" content=\"https:\/\/thermoscreens.com\/de\/kontakt\/\" \/>\n<meta property=\"og:site_name\" content=\"Thermoscreens DE\" \/>\n<meta property=\"article:modified_time\" content=\"2024-12-02T12:56:11+00:00\" \/>\n<meta name=\"twitter:card\" content=\"summary_large_image\" \/>\n<meta name=\"twitter:label1\" content=\"Gesch\u00e4tzte Lesezeit\" \/>\n\t<meta name=\"twitter:data1\" content=\"1\u00a0Minute\" \/>\n<script type=\"application\/ld+json\" class=\"yoast-schema-graph\">{\"@context\":\"https:\/\/schema.org\",\"@graph\":[{\"@type\":\"WebPage\",\"@id\":\"https:\/\/thermoscreens.com\/de\/kontakt\/\",\"url\":\"https:\/\/thermoscreens.com\/de\/kontakt\/\",\"name\":\"Kontakt | Ihr Weg zu uns f\u00fcr Fragen und Support\",\"isPartOf\":{\"@id\":\"https:\/\/thermoscreens.com\/de\/#website\"},\"datePublished\":\"2019-06-03T07:02:03+00:00\",\"dateModified\":\"2024-12-02T12:56:11+00:00\",\"description\":\"Wenn Sie mehr \u00c3\u00bcber Thermoscreens, unser Sortiment an Luftschleiern und dar\u00c3\u00bcber erfahren m\u00c3\u00b6chten, wie wir Ihnen helfen k\u00c3\u00b6nnen, wenden Sie sich an unser Team.\",\"breadcrumb\":{\"@id\":\"https:\/\/thermoscreens.com\/de\/kontakt\/#breadcrumb\"},\"inLanguage\":\"de\",\"potentialAction\":[{\"@type\":\"ReadAction\",\"target\":[\"https:\/\/thermoscreens.com\/de\/kontakt\/\"]}]},{\"@type\":\"BreadcrumbList\",\"@id\":\"https:\/\/thermoscreens.com\/de\/kontakt\/#breadcrumb\",\"itemListElement\":[{\"@type\":\"ListItem\",\"position\":1,\"name\":\"Home\",\"item\":\"https:\/\/thermoscreens.com\/de\/\"},{\"@type\":\"ListItem\",\"position\":2,\"name\":\"Kontakt\"}]},{\"@type\":\"WebSite\",\"@id\":\"https:\/\/thermoscreens.com\/de\/#website\",\"url\":\"https:\/\/thermoscreens.com\/de\/\",\"name\":\"Thermoscreens DE\",\"description\":\"\",\"potentialAction\":[{\"@type\":\"SearchAction\",\"target\":{\"@type\":\"EntryPoint\",\"urlTemplate\":\"https:\/\/thermoscreens.com\/de\/?s={search_term_string}\"},\"query-input\":{\"@type\":\"PropertyValueSpecification\",\"valueRequired\":true,\"valueName\":\"search_term_string\"}}],\"inLanguage\":\"de\"}]}<\/script>\n<!-- \/ Yoast SEO Premium plugin. -->","yoast_head_json":{"title":"Kontakt | Ihr Weg zu uns f\u00fcr Fragen und Support","description":"Wenn Sie mehr \u00c3\u00bcber Thermoscreens, unser Sortiment an Luftschleiern und dar\u00c3\u00bcber erfahren m\u00c3\u00b6chten, wie wir Ihnen helfen k\u00c3\u00b6nnen, wenden Sie sich an unser Team.","robots":{"index":"index","follow":"follow","max-snippet":"max-snippet:-1","max-image-preview":"max-image-preview:large","max-video-preview":"max-video-preview:-1"},"canonical":"https:\/\/thermoscreens.com\/de\/kontakt\/","og_locale":"de_DE","og_type":"article","og_title":"Kontakt","og_description":"Wenn Sie mehr \u00c3\u00bcber Thermoscreens, unser Sortiment an Luftschleiern und dar\u00c3\u00bcber erfahren m\u00c3\u00b6chten, wie wir Ihnen helfen k\u00c3\u00b6nnen, wenden Sie sich an unser Team.","og_url":"https:\/\/thermoscreens.com\/de\/kontakt\/","og_site_name":"Thermoscreens DE","article_modified_time":"2024-12-02T12:56:11+00:00","twitter_card":"summary_large_image","twitter_misc":{"Gesch\u00e4tzte Lesezeit":"1\u00a0Minute"},"schema":{"@context":"https:\/\/schema.org","@graph":[{"@type":"WebPage","@id":"https:\/\/thermoscreens.com\/de\/kontakt\/","url":"https:\/\/thermoscreens.com\/de\/kontakt\/","name":"Kontakt | Ihr Weg zu uns f\u00fcr Fragen und Support","isPartOf":{"@id":"https:\/\/thermoscreens.com\/de\/#website"},"datePublished":"2019-06-03T07:02:03+00:00","dateModified":"2024-12-02T12:56:11+00:00","description":"Wenn Sie mehr \u00c3\u00bcber Thermoscreens, unser Sortiment an Luftschleiern und dar\u00c3\u00bcber erfahren m\u00c3\u00b6chten, wie wir Ihnen helfen k\u00c3\u00b6nnen, wenden Sie sich an unser Team.","breadcrumb":{"@id":"https:\/\/thermoscreens.com\/de\/kontakt\/#breadcrumb"},"inLanguage":"de","potentialAction":[{"@type":"ReadAction","target":["https:\/\/thermoscreens.com\/de\/kontakt\/"]}]},{"@type":"BreadcrumbList","@id":"https:\/\/thermoscreens.com\/de\/kontakt\/#breadcrumb","itemListElement":[{"@type":"ListItem","position":1,"name":"Home","item":"https:\/\/thermoscreens.com\/de\/"},{"@type":"ListItem","position":2,"name":"Kontakt"}]},{"@type":"WebSite","@id":"https:\/\/thermoscreens.com\/de\/#website","url":"https:\/\/thermoscreens.com\/de\/","name":"Thermoscreens DE","description":"","potentialAction":[{"@type":"SearchAction","target":{"@type":"EntryPoint","urlTemplate":"https:\/\/thermoscreens.com\/de\/?s={search_term_string}"},"query-input":{"@type":"PropertyValueSpecification","valueRequired":true,"valueName":"search_term_string"}}],"inLanguage":"de"}]}},"_links":{"self":[{"href":"https:\/\/thermoscreens.com\/de\/wp-json\/wp\/v2\/pages\/17","targetHints":{"allow":["GET"]}}],"collection":[{"href":"https:\/\/thermoscreens.com\/de\/wp-json\/wp\/v2\/pages"}],"about":[{"href":"https:\/\/thermoscreens.com\/de\/wp-json\/wp\/v2\/types\/page"}],"author":[{"embeddable":true,"href":"https:\/\/thermoscreens.com\/de\/wp-json\/wp\/v2\/users\/11"}],"replies":[{"embeddable":true,"href":"https:\/\/thermoscreens.com\/de\/wp-json\/wp\/v2\/comments?post=17"}],"version-history":[{"count":0,"href":"https:\/\/thermoscreens.com\/de\/wp-json\/wp\/v2\/pages\/17\/revisions"}],"wp:attachment":[{"href":"https:\/\/thermoscreens.com\/de\/wp-json\/wp\/v2\/media?parent=17"}],"curies":[{"name":"wp","href":"https:\/\/api.w.org\/{rel}","templated":true}]}}