{"id":11,"date":"2019-06-03T08:00:35","date_gmt":"2019-06-03T07:00:35","guid":{"rendered":"http:\/\/localhost\/FASTFWD\/ThermoScreens\/?page_id=11"},"modified":"2024-12-02T13:09:32","modified_gmt":"2024-12-02T13:09:32","slug":"info-center","status":"publish","type":"page","link":"https:\/\/thermoscreens.com\/de\/info-center\/","title":{"rendered":"Info-Center"},"content":{"rendered":"","protected":false},"excerpt":{"rendered":"","protected":false},"author":11,"featured_media":0,"parent":0,"menu_order":0,"comment_status":"closed","ping_status":"closed","template":"","meta":{"_acf_changed":false,"footnotes":""},"class_list":["post-11","page","type-page","status-publish","hentry"],"acf":[],"yoast_head":"<!-- This site is optimized with the Yoast SEO Premium plugin v27.4 (Yoast SEO v27.4) - https:\/\/yoast.com\/product\/yoast-seo-premium-wordpress\/ -->\n<title>Ihr Info-Center f\u00fcr Luftschleierl\u00f6sungen<\/title>\n<meta name=\"description\" content=\"Eine vollst\u00c3\u00a4ndige Reihe von Produkt- und Fachliteratur steht zum Herunterladen zur Verf\u00c3\u00bcgung. Klicken Sie zum Herunterladen oder wenden Sie sich alternativ an unseren Kundensupport.\" \/>\n<meta name=\"robots\" content=\"index, follow, max-snippet:-1, max-image-preview:large, max-video-preview:-1\" \/>\n<link rel=\"canonical\" href=\"https:\/\/thermoscreens.com\/de\/info-center\/\" \/>\n<meta property=\"og:locale\" content=\"de_DE\" \/>\n<meta property=\"og:type\" content=\"article\" \/>\n<meta property=\"og:title\" content=\"Info-Center\" \/>\n<meta property=\"og:description\" content=\"Eine vollst\u00c3\u00a4ndige Reihe von Produkt- und Fachliteratur steht zum Herunterladen zur Verf\u00c3\u00bcgung. Klicken Sie zum Herunterladen oder wenden Sie sich alternativ an unseren Kundensupport.\" \/>\n<meta property=\"og:url\" content=\"https:\/\/thermoscreens.com\/de\/info-center\/\" \/>\n<meta property=\"og:site_name\" content=\"Thermoscreens DE\" \/>\n<meta property=\"article:modified_time\" content=\"2024-12-02T13:09:32+00:00\" \/>\n<meta name=\"twitter:card\" content=\"summary_large_image\" \/>\n<script type=\"application\/ld+json\" class=\"yoast-schema-graph\">{\"@context\":\"https:\\\/\\\/schema.org\",\"@graph\":[{\"@type\":\"WebPage\",\"@id\":\"https:\\\/\\\/thermoscreens.com\\\/de\\\/info-center\\\/\",\"url\":\"https:\\\/\\\/thermoscreens.com\\\/de\\\/info-center\\\/\",\"name\":\"Ihr Info-Center f\u00fcr Luftschleierl\u00f6sungen\",\"isPartOf\":{\"@id\":\"https:\\\/\\\/thermoscreens.com\\\/de\\\/#website\"},\"datePublished\":\"2019-06-03T07:00:35+00:00\",\"dateModified\":\"2024-12-02T13:09:32+00:00\",\"description\":\"Eine vollst\u00c3\u00a4ndige Reihe von Produkt- und Fachliteratur steht zum Herunterladen zur Verf\u00c3\u00bcgung. Klicken Sie zum Herunterladen oder wenden Sie sich alternativ an unseren Kundensupport.\",\"breadcrumb\":{\"@id\":\"https:\\\/\\\/thermoscreens.com\\\/de\\\/info-center\\\/#breadcrumb\"},\"inLanguage\":\"de\",\"potentialAction\":[{\"@type\":\"ReadAction\",\"target\":[\"https:\\\/\\\/thermoscreens.com\\\/de\\\/info-center\\\/\"]}]},{\"@type\":\"BreadcrumbList\",\"@id\":\"https:\\\/\\\/thermoscreens.com\\\/de\\\/info-center\\\/#breadcrumb\",\"itemListElement\":[{\"@type\":\"ListItem\",\"position\":1,\"name\":\"Home\",\"item\":\"https:\\\/\\\/thermoscreens.com\\\/de\\\/\"},{\"@type\":\"ListItem\",\"position\":2,\"name\":\"Info-Center\"}]},{\"@type\":\"WebSite\",\"@id\":\"https:\\\/\\\/thermoscreens.com\\\/de\\\/#website\",\"url\":\"https:\\\/\\\/thermoscreens.com\\\/de\\\/\",\"name\":\"Thermoscreens DE\",\"description\":\"\",\"potentialAction\":[{\"@type\":\"SearchAction\",\"target\":{\"@type\":\"EntryPoint\",\"urlTemplate\":\"https:\\\/\\\/thermoscreens.com\\\/de\\\/?s={search_term_string}\"},\"query-input\":{\"@type\":\"PropertyValueSpecification\",\"valueRequired\":true,\"valueName\":\"search_term_string\"}}],\"inLanguage\":\"de\"}]}<\/script>\n<!-- \/ Yoast SEO Premium plugin. -->","yoast_head_json":{"title":"Ihr Info-Center f\u00fcr Luftschleierl\u00f6sungen","description":"Eine vollst\u00c3\u00a4ndige Reihe von Produkt- und Fachliteratur steht zum Herunterladen zur Verf\u00c3\u00bcgung. Klicken Sie zum Herunterladen oder wenden Sie sich alternativ an unseren Kundensupport.","robots":{"index":"index","follow":"follow","max-snippet":"max-snippet:-1","max-image-preview":"max-image-preview:large","max-video-preview":"max-video-preview:-1"},"canonical":"https:\/\/thermoscreens.com\/de\/info-center\/","og_locale":"de_DE","og_type":"article","og_title":"Info-Center","og_description":"Eine vollst\u00c3\u00a4ndige Reihe von Produkt- und Fachliteratur steht zum Herunterladen zur Verf\u00c3\u00bcgung. Klicken Sie zum Herunterladen oder wenden Sie sich alternativ an unseren Kundensupport.","og_url":"https:\/\/thermoscreens.com\/de\/info-center\/","og_site_name":"Thermoscreens DE","article_modified_time":"2024-12-02T13:09:32+00:00","twitter_card":"summary_large_image","schema":{"@context":"https:\/\/schema.org","@graph":[{"@type":"WebPage","@id":"https:\/\/thermoscreens.com\/de\/info-center\/","url":"https:\/\/thermoscreens.com\/de\/info-center\/","name":"Ihr Info-Center f\u00fcr Luftschleierl\u00f6sungen","isPartOf":{"@id":"https:\/\/thermoscreens.com\/de\/#website"},"datePublished":"2019-06-03T07:00:35+00:00","dateModified":"2024-12-02T13:09:32+00:00","description":"Eine vollst\u00c3\u00a4ndige Reihe von Produkt- und Fachliteratur steht zum Herunterladen zur Verf\u00c3\u00bcgung. Klicken Sie zum Herunterladen oder wenden Sie sich alternativ an unseren Kundensupport.","breadcrumb":{"@id":"https:\/\/thermoscreens.com\/de\/info-center\/#breadcrumb"},"inLanguage":"de","potentialAction":[{"@type":"ReadAction","target":["https:\/\/thermoscreens.com\/de\/info-center\/"]}]},{"@type":"BreadcrumbList","@id":"https:\/\/thermoscreens.com\/de\/info-center\/#breadcrumb","itemListElement":[{"@type":"ListItem","position":1,"name":"Home","item":"https:\/\/thermoscreens.com\/de\/"},{"@type":"ListItem","position":2,"name":"Info-Center"}]},{"@type":"WebSite","@id":"https:\/\/thermoscreens.com\/de\/#website","url":"https:\/\/thermoscreens.com\/de\/","name":"Thermoscreens DE","description":"","potentialAction":[{"@type":"SearchAction","target":{"@type":"EntryPoint","urlTemplate":"https:\/\/thermoscreens.com\/de\/?s={search_term_string}"},"query-input":{"@type":"PropertyValueSpecification","valueRequired":true,"valueName":"search_term_string"}}],"inLanguage":"de"}]}},"_links":{"self":[{"href":"https:\/\/thermoscreens.com\/de\/wp-json\/wp\/v2\/pages\/11","targetHints":{"allow":["GET"]}}],"collection":[{"href":"https:\/\/thermoscreens.com\/de\/wp-json\/wp\/v2\/pages"}],"about":[{"href":"https:\/\/thermoscreens.com\/de\/wp-json\/wp\/v2\/types\/page"}],"author":[{"embeddable":true,"href":"https:\/\/thermoscreens.com\/de\/wp-json\/wp\/v2\/users\/11"}],"replies":[{"embeddable":true,"href":"https:\/\/thermoscreens.com\/de\/wp-json\/wp\/v2\/comments?post=11"}],"version-history":[{"count":0,"href":"https:\/\/thermoscreens.com\/de\/wp-json\/wp\/v2\/pages\/11\/revisions"}],"wp:attachment":[{"href":"https:\/\/thermoscreens.com\/de\/wp-json\/wp\/v2\/media?parent=11"}],"curies":[{"name":"wp","href":"https:\/\/api.w.org\/{rel}","templated":true}]}}